{"id":2497,"date":"2023-09-27T16:44:06","date_gmt":"2023-09-27T15:44:06","guid":{"rendered":"https:\/\/vivapalazzo.hu\/tamogatasok\/"},"modified":"2024-11-06T21:40:22","modified_gmt":"2024-11-06T20:40:22","slug":"tamogatasok","status":"publish","type":"page","link":"https:\/\/vivapalazzo.hu\/hr\/tamogatasok\/","title":{"rendered":"Potpore"},"content":{"rendered":"<div class=\"wpb-content-wrapper\"><p>[vc_row row_height_percent=&#8221;0&#8243; override_padding=&#8221;yes&#8221; h_padding=&#8221;2&#8243; top_padding=&#8221;2&#8243; bottom_padding=&#8221;3&#8243; overlay_alpha=&#8221;50&#8243; gutter_size=&#8221;3&#8243; column_width_percent=&#8221;100&#8243; shift_y=&#8221;0&#8243; z_index=&#8221;0&#8243; uncode_shortcode_id=&#8221;129572&#8243;][vc_column width=&#8221;1\/1&#8243;][vc_column_text uncode_shortcode_id=&#8221;562590&#8243;]VivaPalazzo Kft je privatna ma\u0111arska gra\u0111evinska tvrtka osnovana 1993. godine. Profitabilnost tvrtke je stabilna iz godine u godinu, neto prihod od prodaje je u stalnom porastu, u 2020. (unato\u010d COVID krizi) prema\u0161io je 2,2 milijarde HUF, tako da se mo\u017ee re\u0107i da je VivaPalazzo Zrt dinami\u010dno razvijaju\u0107i se sudionik u ma\u0111arskom gra\u0111evinskom sektoru . Ugovorni djelatnici tvrtke osigurali su za 2021. godinu da gra\u0111evinska industrija bude manje pogo\u0111ena negativnim u\u010dincima koronavirusa. Unato\u010d krizi, do sada nije bila prisiljena otpu\u0161tati zaposlenike, a planirani prihodi od prodaje i ove su godine profitabilni. Daljnji razvoj tvrtke zahtijeva, s jedne strane, razvoj i pro\u0161irenje pozadinske infrastrukture ureda, kao i pro\u0161irenje i modernizaciju parka servisne opreme koja olak\u0161ava djelatnost gra\u0111evinske industrije u smislu opsega i kvalitete. (u\u010dinkovitost).      <\/p>\n<p>VivaPalazzo Zrt. 159.142 s natje\u010dajem pod nazivom \u201eRazvoj tehnolo\u0161kog ure\u0111aja VivaPalazzo\u201c i \u0161ifre GINOP_PLUSZ-1.2.1-21-2021-03361 (\u201ePotpora razvoju mikro, malih i srednjih poduze\u0107a u prilagodbi suvremenom poslovanju i proizvodni izazovi&#8221;). 0,025 HUF dodijeljena je uvjetno bespovratna potpora za provedbu neto prihvatljivog ulaganja od 227 345 750 HUF. Projekt 2021.10.01. i 30.09.2023. izme\u0111u 7623 Pe\u010duh, Megyeri \u00fat 61. Hrsz. 19192\/28 na adresi upisa.[\/vc_column_text][vc_gallery el_id=&#8221;gallery-166992&#8243; isotope_mode=&#8221;fitRows&#8221; medias=&#8221;1398,1395&#8243; gutter_size=&#8221;3&#8243; screen_lg=&#8221;1000&#8243; screen_md=&#8221;600&#8243; screen_sm=&#8221;480&#8243; single_overlay_opacity=&#8221;50&#8243; single_h_align=&#8221;center&#8221; single_padding=&#8221;2&#8243; single_title_semantic=&#8221;h2&#8243; uncode_shortcode_id=&#8221;206804&#8243;][vc_column_text uncode_shortcode_id=&#8221;109120&#8243;]Iz natje\u010dajnog okvira, koji je ujedno i kratka prezentacija natje\u010daja, implementirani su sljede\u0107i razvojni pomaci:<\/p>\n<p>Gra\u0111evinski strojevi:<\/p>\n<p>&#8211; 1 rovokopa\u010d-utovariva\u010d Caterpillar 432<\/p>\n<p>&#8211; 1 bager na kota\u010dima Caterpillar M314<\/p>\n<p>&#8211; 1 Samomontiraju\u0107a dizalica TEREX CBR 24 PLUS<\/p>\n<p>&#8211; 1 radni stroj Manitou MRT 3570<\/p>\n<p>Obnovljiva energija:<\/p>\n<p>&#8211; 1 toplinska pumpa Gree Versati<\/p>\n<p>Ra\u010dunalna oprema:<\/p>\n<p>&#8211; 3 Intel i9 konfiguracije<\/p>\n<p>&#8211; 3 Intel i7 konfiguracije<\/p>\n<p>&#8211; 2 prijenosna ra\u010dunala Dell Vostro konfiguracije<\/p>\n<p>&#8211; 2 prijenosna ra\u010dunala Dell G5 konfiguracije<\/p>\n<p>&#8211; 1 konfiguracija mre\u017ene pohrane podataka<\/p>\n<p>&#8211; 1 vi\u0161enamjenski uredski ure\u0111aj Epson WF<\/p>\n<p>Kako bi se rije\u0161ila modernizacija primarnog grijanja lokacije, izgradnja sustava toplinske pumpe GREE Versati II+Economy Plus, pri \u010demu se koristi obnovljivi izvor energije, kako bi se smanjili godi\u0161nji op\u0107i tro\u0161kovi odr\u017eavanja lokacije.<\/p>\n<p>Potrebni treninzi i konzultacije:<\/p>\n<p>&#8211; Excel trening za 1 osobu.<\/p>\n<p>&#8211; Marketin\u0161ko savjetovanje &#8211; savjetovanje vezano uz struku vezano uz izgradnju brenda i imid\u017ea[\/vc_column_text][vc_gallery el_id=&#8221;gallery-561166&#8243; type=&#8221;css_grid&#8221; medias=&#8221;713,715&#8243; grid_items=&#8221;3&#8243; screen_lg_items=&#8221;2&#8243; screen_lg_breakpoint=&#8221;1000&#8243; screen_md_items=&#8221;2&#8243; screen_md_breakpoint=&#8221;600&#8243; screen_sm_items=&#8221;1&#8243; screen_sm_breakpoint=&#8221;480&#8243; gutter_size=&#8221;3&#8243; media_items=&#8221;media|lightbox|original&#8221; single_shape=&#8221;round&#8221; single_overlay_opacity=&#8221;50&#8243; single_padding=&#8221;2&#8243; single_border=&#8221;yes&#8221; uncode_shortcode_id=&#8221;146233&#8243;][\/vc_column][\/vc_row]<\/p>\n<\/div>","protected":false},"excerpt":{"rendered":"<p>[vc_row row_height_percent=&#8221;0&#8243; override_padding=&#8221;yes&#8221; h_padding=&#8221;2&#8243; top_padding=&#8221;2&#8243; bottom_padding=&#8221;3&#8243; overlay_alpha=&#8221;50&#8243; gutter_size=&#8221;3&#8243; column_width_percent=&#8221;100&#8243; shift_y=&#8221;0&#8243; z_index=&#8221;0&#8243; uncode_shortcode_id=&#8221;129572&#8243;][vc_column width=&#8221;1\/1&#8243;][vc_column_text uncode_shortcode_id=&#8221;562590&#8243;]VivaPalazzo Kft je privatna ma\u0111arska gra\u0111evinska tvrtka [&hellip;]<\/p>\n","protected":false},"author":1,"featured_media":2499,"parent":0,"menu_order":0,"comment_status":"closed","ping_status":"closed","template":"","meta":{"_acf_changed":false,"_seopress_robots_primary_cat":"","_seopress_titles_title":"","_seopress_titles_desc":"","_seopress_robots_index":"","footnotes":""},"class_list":["post-2497","page","type-page","status-publish","has-post-thumbnail","hentry"],"acf":[],"_links":{"self":[{"href":"https:\/\/vivapalazzo.hu\/hr\/wp-json\/wp\/v2\/pages\/2497","targetHints":{"allow":["GET"]}}],"collection":[{"href":"https:\/\/vivapalazzo.hu\/hr\/wp-json\/wp\/v2\/pages"}],"about":[{"href":"https:\/\/vivapalazzo.hu\/hr\/wp-json\/wp\/v2\/types\/page"}],"author":[{"embeddable":true,"href":"https:\/\/vivapalazzo.hu\/hr\/wp-json\/wp\/v2\/users\/1"}],"replies":[{"embeddable":true,"href":"https:\/\/vivapalazzo.hu\/hr\/wp-json\/wp\/v2\/comments?post=2497"}],"version-history":[{"count":5,"href":"https:\/\/vivapalazzo.hu\/hr\/wp-json\/wp\/v2\/pages\/2497\/revisions"}],"predecessor-version":[{"id":3055,"href":"https:\/\/vivapalazzo.hu\/hr\/wp-json\/wp\/v2\/pages\/2497\/revisions\/3055"}],"wp:featuredmedia":[{"embeddable":true,"href":"https:\/\/vivapalazzo.hu\/hr\/wp-json\/wp\/v2\/media\/2499"}],"wp:attachment":[{"href":"https:\/\/vivapalazzo.hu\/hr\/wp-json\/wp\/v2\/media?parent=2497"}],"curies":[{"name":"wp","href":"https:\/\/api.w.org\/{rel}","templated":true}]}}