{"id":2530,"date":"2023-09-12T14:46:40","date_gmt":"2023-09-12T13:46:40","guid":{"rendered":"https:\/\/vivapalazzo.hu\/szolgaltatasok\/"},"modified":"2024-11-06T21:40:51","modified_gmt":"2024-11-06T20:40:51","slug":"szolgaltatasok","status":"publish","type":"page","link":"https:\/\/vivapalazzo.hu\/hr\/szolgaltatasok\/","title":{"rendered":"Usluge"},"content":{"rendered":"<div class=\"wpb-content-wrapper\"><p>[vc_row row_height_percent=&#8221;0&#8243; override_padding=&#8221;yes&#8221; h_padding=&#8221;2&#8243; top_padding=&#8221;2&#8243; bottom_padding=&#8221;3&#8243; overlay_alpha=&#8221;50&#8243; gutter_size=&#8221;3&#8243; column_width_percent=&#8221;100&#8243; shift_y=&#8221;0&#8243; z_index=&#8221;0&#8243; uncode_shortcode_id=&#8221;456463&#8243; el_id=&#8221;right-element&#8221; el_class=&#8221;border-column-hover&#8221;][vc_column column_width_percent=&#8221;100&#8243; gutter_size=&#8221;3&#8243; override_padding=&#8221;yes&#8221; column_padding=&#8221;2&#8243; overlay_alpha=&#8221;50&#8243; preserve_border=&#8221;yes&#8221; preserve_border_tablet=&#8221;yes&#8221; preserve_border_mobile=&#8221;yes&#8221; border_color=&#8221;color-308088&#8243; border_style=&#8221;solid&#8221; shift_x=&#8221;0&#8243; shift_y=&#8221;0&#8243; shift_y_down=&#8221;0&#8243; z_index=&#8221;1&#8243; medium_width=&#8221;0&#8243; mobile_width=&#8221;0&#8243; width=&#8221;1\/1&#8243; uncode_shortcode_id=&#8221;124404&#8243; css=&#8221;.vc_custom_1695374884305{border-top-width: 2px !important;border-right-width: 2px !important;border-bottom-width: 2px !important;border-left-width: 2px !important;}&#8221; border_color_type=&#8221;uncode-palette&#8221; el_class=&#8221;border-box-radius&#8221;][vc_row_inner row_inner_height_percent=&#8221;0&#8243; overlay_alpha=&#8221;50&#8243; equal_height=&#8221;yes&#8221; gutter_size=&#8221;3&#8243; shift_y=&#8221;0&#8243; z_index=&#8221;0&#8243; limit_content=&#8221;&#8221; uncode_shortcode_id=&#8221;188989&#8243;][vc_column_inner column_width_percent=&#8221;100&#8243; position_vertical=&#8221;middle&#8221; gutter_size=&#8221;3&#8243; overlay_alpha=&#8221;50&#8243; shift_x=&#8221;0&#8243; shift_y=&#8221;0&#8243; shift_y_down=&#8221;0&#8243; z_index=&#8221;0&#8243; medium_width=&#8221;0&#8243; mobile_width=&#8221;0&#8243; width=&#8221;1\/2&#8243; uncode_shortcode_id=&#8221;137307&#8243;][vc_custom_heading text_size=&#8221;h1&#8243; uncode_shortcode_id=&#8221;898861&#8243;]Glavna djelatnost[\/vc_custom_heading][vc_column_text uncode_shortcode_id=&#8221;718393&#8243;]Na\u0161a tvrtka upravlja svim segmentima projekta, od planiranja do tro\u0161kovno u\u010dinkovite izvedbe, kako bi se klijentove vizije ostvarile s \u0161to manjim ulo\u017eenim naporom.<br \/>\nU slu\u010daju projekata na neure\u0111enim podru\u010djima, u duhu odr\u017eivosti, osiguravamo odgovaraju\u0107u lokaciju za planirane investicije rehabilitacijom terena.[\/vc_column_text][\/vc_column_inner][vc_column_inner column_width_percent=&#8221;100&#8243; gutter_size=&#8221;3&#8243; overlay_alpha=&#8221;50&#8243; shift_x=&#8221;0&#8243; shift_y=&#8221;-3&#8243; shift_y_down=&#8221;0&#8243; z_index=&#8221;0&#8243; medium_width=&#8221;0&#8243; mobile_width=&#8221;0&#8243; parallax_intensity=&#8221;2&#8243; width=&#8221;1\/2&#8243; uncode_shortcode_id=&#8221;571567&#8243;][vc_single_image media=&#8221;249&#8243; media_width_percent=&#8221;100&#8243; shape=&#8221;img-round&#8221; radius=&#8221;lg&#8221; uncode_shortcode_id=&#8221;150279&#8243;][\/vc_column_inner][\/vc_row_inner][\/vc_column][\/vc_row][vc_row row_height_percent=&#8221;0&#8243; override_padding=&#8221;yes&#8221; h_padding=&#8221;2&#8243; top_padding=&#8221;2&#8243; bottom_padding=&#8221;3&#8243; overlay_alpha=&#8221;50&#8243; gutter_size=&#8221;3&#8243; column_width_percent=&#8221;100&#8243; shift_y=&#8221;0&#8243; z_index=&#8221;0&#8243; uncode_shortcode_id=&#8221;182745&#8243; el_class=&#8221;border-column-hover&#8221;][vc_column column_width_percent=&#8221;100&#8243; gutter_size=&#8221;3&#8243; override_padding=&#8221;yes&#8221; column_padding=&#8221;2&#8243; overlay_alpha=&#8221;50&#8243; preserve_border=&#8221;yes&#8221; preserve_border_tablet=&#8221;yes&#8221; preserve_border_mobile=&#8221;yes&#8221; border_color=&#8221;color-308088&#8243; border_style=&#8221;solid&#8221; shift_x=&#8221;0&#8243; shift_y=&#8221;0&#8243; shift_y_down=&#8221;0&#8243; z_index=&#8221;1&#8243; medium_width=&#8221;0&#8243; mobile_width=&#8221;0&#8243; width=&#8221;1\/1&#8243; uncode_shortcode_id=&#8221;156084&#8243; css=&#8221;.vc_custom_1697547990376{border-top-width: 2px !important;border-right-width: 2px !important;border-bottom-width: 2px !important;border-left-width: 2px !important;}&#8221; border_color_type=&#8221;uncode-palette&#8221; el_class=&#8221;border-box-radius&#8221;][vc_row_inner row_inner_height_percent=&#8221;0&#8243; overlay_alpha=&#8221;50&#8243; equal_height=&#8221;yes&#8221; gutter_size=&#8221;3&#8243; shift_y=&#8221;0&#8243; z_index=&#8221;0&#8243; inverted_device_order=&#8221;yes&#8221; limit_content=&#8221;&#8221; uncode_shortcode_id=&#8221;158722&#8243;][vc_column_inner column_width_percent=&#8221;100&#8243; gutter_size=&#8221;3&#8243; overlay_alpha=&#8221;50&#8243; shift_x=&#8221;0&#8243; shift_y=&#8221;-3&#8243; shift_y_down=&#8221;0&#8243; z_index=&#8221;0&#8243; medium_width=&#8221;0&#8243; mobile_width=&#8221;0&#8243; parallax_intensity=&#8221;2&#8243; width=&#8221;1\/2&#8243; uncode_shortcode_id=&#8221;133018&#8243;][vc_single_image media=&#8221;250&#8243; media_width_percent=&#8221;100&#8243; shape=&#8221;img-round&#8221; radius=&#8221;lg&#8221; uncode_shortcode_id=&#8221;187630&#8243;][\/vc_column_inner][vc_column_inner column_width_percent=&#8221;100&#8243; position_vertical=&#8221;middle&#8221; gutter_size=&#8221;3&#8243; overlay_alpha=&#8221;50&#8243; shift_x=&#8221;0&#8243; shift_y=&#8221;0&#8243; shift_y_down=&#8221;0&#8243; z_index=&#8221;0&#8243; medium_width=&#8221;0&#8243; mobile_width=&#8221;0&#8243; width=&#8221;1\/2&#8243; uncode_shortcode_id=&#8221;137307&#8243;][vc_custom_heading text_size=&#8221;h1&#8243; uncode_shortcode_id=&#8221;140775&#8243;]Planiranje[\/vc_custom_heading][vc_column_text uncode_shortcode_id=&#8221;110014&#8243;]Uklju\u010duju\u0107i na\u0161e kvalificirane in\u017eenjere s dugogodi\u0161njim iskustvom, preuzimamo odgovornost za izradu potrebnih dozvola i izvedbenih planova za zami\u0161ljeni projekt. Kako bismo potpuno slu\u017eili na\u0161im klijentima, preuzimamo i teret potrebnih administrativnih postupaka.[\/vc_column_text][\/vc_column_inner][\/vc_row_inner][\/vc_column][\/vc_row][vc_row row_height_percent=&#8221;0&#8243; override_padding=&#8221;yes&#8221; h_padding=&#8221;2&#8243; top_padding=&#8221;2&#8243; bottom_padding=&#8221;3&#8243; overlay_alpha=&#8221;50&#8243; gutter_size=&#8221;3&#8243; column_width_percent=&#8221;100&#8243; shift_y=&#8221;0&#8243; z_index=&#8221;0&#8243; uncode_shortcode_id=&#8221;177755&#8243; el_class=&#8221;border-column-hover&#8221;][vc_column column_width_percent=&#8221;100&#8243; gutter_size=&#8221;3&#8243; override_padding=&#8221;yes&#8221; column_padding=&#8221;2&#8243; overlay_alpha=&#8221;50&#8243; preserve_border=&#8221;yes&#8221; preserve_border_tablet=&#8221;yes&#8221; preserve_border_mobile=&#8221;yes&#8221; border_color=&#8221;color-308088&#8243; border_style=&#8221;solid&#8221; shift_x=&#8221;0&#8243; shift_y=&#8221;0&#8243; shift_y_down=&#8221;0&#8243; z_index=&#8221;1&#8243; medium_width=&#8221;0&#8243; mobile_width=&#8221;0&#8243; width=&#8221;1\/1&#8243; uncode_shortcode_id=&#8221;147868&#8243; css=&#8221;.vc_custom_1697547997350{border-top-width: 2px !important;border-right-width: 2px !important;border-bottom-width: 2px !important;border-left-width: 2px !important;}&#8221; border_color_type=&#8221;uncode-palette&#8221; el_class=&#8221;border-box-radius&#8221;][vc_row_inner row_inner_height_percent=&#8221;0&#8243; overlay_alpha=&#8221;50&#8243; equal_height=&#8221;yes&#8221; gutter_size=&#8221;3&#8243; shift_y=&#8221;0&#8243; z_index=&#8221;0&#8243; limit_content=&#8221;&#8221; uncode_shortcode_id=&#8221;188989&#8243;][vc_column_inner column_width_percent=&#8221;100&#8243; position_vertical=&#8221;middle&#8221; gutter_size=&#8221;3&#8243; overlay_alpha=&#8221;50&#8243; shift_x=&#8221;0&#8243; shift_y=&#8221;0&#8243; shift_y_down=&#8221;0&#8243; z_index=&#8221;0&#8243; medium_width=&#8221;0&#8243; mobile_width=&#8221;0&#8243; width=&#8221;1\/2&#8243; uncode_shortcode_id=&#8221;137307&#8243;][vc_custom_heading text_size=&#8221;h1&#8243; uncode_shortcode_id=&#8221;229711&#8243;]Generalna izvedba[\/vc_custom_heading][vc_column_text uncode_shortcode_id=&#8221;211515&#8243;]Na temelju dostavljenih planova, stvaramo zamisli s preciznim, to\u010dnim i visokokvalitetnim materijalima. Od izgradnje strukture do postavljanja sanitarnih ure\u0111aja i namje\u0161taja.[\/vc_column_text][\/vc_column_inner][vc_column_inner column_width_percent=&#8221;100&#8243; gutter_size=&#8221;3&#8243; overlay_alpha=&#8221;50&#8243; shift_x=&#8221;0&#8243; shift_y=&#8221;-3&#8243; shift_y_down=&#8221;0&#8243; z_index=&#8221;0&#8243; medium_width=&#8221;0&#8243; mobile_width=&#8221;0&#8243; parallax_intensity=&#8221;2&#8243; width=&#8221;1\/2&#8243; uncode_shortcode_id=&#8221;104103&#8243;][vc_single_image media=&#8221;252&#8243; media_width_percent=&#8221;100&#8243; shape=&#8221;img-round&#8221; radius=&#8221;lg&#8221; uncode_shortcode_id=&#8221;211104&#8243;][\/vc_column_inner][\/vc_row_inner][\/vc_column][\/vc_row][vc_row row_height_percent=&#8221;0&#8243; override_padding=&#8221;yes&#8221; h_padding=&#8221;2&#8243; top_padding=&#8221;2&#8243; bottom_padding=&#8221;3&#8243; overlay_alpha=&#8221;50&#8243; gutter_size=&#8221;3&#8243; column_width_percent=&#8221;100&#8243; shift_y=&#8221;0&#8243; z_index=&#8221;0&#8243; uncode_shortcode_id=&#8221;327063&#8243; el_id=&#8221;left-element&#8221; el_class=&#8221;border-column-hover&#8221;][vc_column column_width_percent=&#8221;100&#8243; gutter_size=&#8221;3&#8243; override_padding=&#8221;yes&#8221; column_padding=&#8221;2&#8243; overlay_alpha=&#8221;50&#8243; preserve_border=&#8221;yes&#8221; preserve_border_tablet=&#8221;yes&#8221; preserve_border_mobile=&#8221;yes&#8221; border_color=&#8221;color-308088&#8243; border_style=&#8221;solid&#8221; shift_x=&#8221;0&#8243; shift_y=&#8221;0&#8243; shift_y_down=&#8221;0&#8243; z_index=&#8221;1&#8243; medium_width=&#8221;0&#8243; mobile_width=&#8221;0&#8243; width=&#8221;1\/1&#8243; uncode_shortcode_id=&#8221;381527&#8243; css=&#8221;.vc_custom_1697548006780{border-top-width: 2px !important;border-right-width: 2px !important;border-bottom-width: 2px !important;border-left-width: 2px !important;}&#8221; border_color_type=&#8221;uncode-palette&#8221; el_class=&#8221;border-box-radius&#8221;][vc_row_inner row_inner_height_percent=&#8221;0&#8243; overlay_alpha=&#8221;50&#8243; equal_height=&#8221;yes&#8221; gutter_size=&#8221;3&#8243; shift_y=&#8221;0&#8243; z_index=&#8221;0&#8243; inverted_device_order=&#8221;yes&#8221; limit_content=&#8221;&#8221; uncode_shortcode_id=&#8221;211700&#8243;][vc_column_inner column_width_percent=&#8221;100&#8243; gutter_size=&#8221;3&#8243; overlay_alpha=&#8221;50&#8243; shift_x=&#8221;0&#8243; shift_y=&#8221;-3&#8243; shift_y_down=&#8221;0&#8243; z_index=&#8221;0&#8243; medium_width=&#8221;0&#8243; mobile_width=&#8221;0&#8243; parallax_intensity=&#8221;2&#8243; width=&#8221;1\/2&#8243; uncode_shortcode_id=&#8221;179118&#8243;][vc_single_image media=&#8221;253&#8243; media_width_percent=&#8221;100&#8243; shape=&#8221;img-round&#8221; radius=&#8221;lg&#8221; uncode_shortcode_id=&#8221;137918&#8243;][\/vc_column_inner][vc_column_inner column_width_percent=&#8221;100&#8243; position_vertical=&#8221;middle&#8221; gutter_size=&#8221;3&#8243; overlay_alpha=&#8221;50&#8243; shift_x=&#8221;0&#8243; shift_y=&#8221;0&#8243; shift_y_down=&#8221;0&#8243; z_index=&#8221;0&#8243; medium_width=&#8221;0&#8243; mobile_width=&#8221;0&#8243; width=&#8221;1\/2&#8243; uncode_shortcode_id=&#8221;137307&#8243;][vc_custom_heading text_size=&#8221;h1&#8243; uncode_shortcode_id=&#8221;236517&#8243;]Unutarnje ure\u0111enje[\/vc_custom_heading][vc_column_text uncode_shortcode_id=&#8221;163367&#8243;]Va\u017eno nam je da klijent ne provodi svoje svakodnevne aktivnosti samo unutar bijelih zidova. Te\u017eimo stvaranju unutarnjih prostora koji su funkcionalni i estetski ostvareni. Harmonija boja i materijala predstavlja klju\u010dni aspekt prilikom izvedbe unutarnjih prostora.[\/vc_column_text][\/vc_column_inner][\/vc_row_inner][\/vc_column][\/vc_row][vc_row row_height_percent=&#8221;0&#8243; override_padding=&#8221;yes&#8221; h_padding=&#8221;2&#8243; top_padding=&#8221;2&#8243; bottom_padding=&#8221;5&#8243; overlay_alpha=&#8221;50&#8243; gutter_size=&#8221;3&#8243; column_width_percent=&#8221;100&#8243; shift_y=&#8221;0&#8243; z_index=&#8221;0&#8243; enable_bottom_divider=&#8221;default&#8221; bottom_divider=&#8221;gradient&#8221; shape_bottom_h_use_pixel=&#8221;&#8221; shape_bottom_height=&#8221;500&#8243; shape_bottom_color=&#8221;accent&#8221; shape_bottom_opacity=&#8221;100&#8243; shape_bottom_index=&#8221;0&#8243; uncode_shortcode_id=&#8221;938309&#8243; shape_bottom_color_type=&#8221;uncode-palette&#8221; el_class=&#8221;border-column-hover&#8221;][vc_column column_width_percent=&#8221;100&#8243; gutter_size=&#8221;3&#8243; override_padding=&#8221;yes&#8221; column_padding=&#8221;2&#8243; overlay_alpha=&#8221;50&#8243; preserve_border=&#8221;yes&#8221; preserve_border_tablet=&#8221;yes&#8221; preserve_border_mobile=&#8221;yes&#8221; border_color=&#8221;color-308088&#8243; border_style=&#8221;solid&#8221; shift_x=&#8221;0&#8243; shift_y=&#8221;0&#8243; shift_y_down=&#8221;0&#8243; z_index=&#8221;1&#8243; medium_width=&#8221;0&#8243; mobile_width=&#8221;0&#8243; width=&#8221;1\/1&#8243; uncode_shortcode_id=&#8221;525335&#8243; css=&#8221;.vc_custom_1697548013348{border-top-width: 2px !important;border-right-width: 2px !important;border-bottom-width: 2px !important;border-left-width: 2px !important;}&#8221; border_color_type=&#8221;uncode-palette&#8221; el_class=&#8221;border-box-radius&#8221;][vc_row_inner row_inner_height_percent=&#8221;0&#8243; overlay_alpha=&#8221;50&#8243; equal_height=&#8221;yes&#8221; gutter_size=&#8221;3&#8243; shift_y=&#8221;0&#8243; z_index=&#8221;0&#8243; limit_content=&#8221;&#8221; uncode_shortcode_id=&#8221;188989&#8243;][vc_column_inner column_width_percent=&#8221;100&#8243; position_vertical=&#8221;middle&#8221; gutter_size=&#8221;3&#8243; overlay_alpha=&#8221;50&#8243; shift_x=&#8221;0&#8243; shift_y=&#8221;0&#8243; shift_y_down=&#8221;0&#8243; z_index=&#8221;0&#8243; medium_width=&#8221;0&#8243; mobile_width=&#8221;0&#8243; width=&#8221;1\/2&#8243; uncode_shortcode_id=&#8221;137307&#8243;][vc_custom_heading text_size=&#8221;h1&#8243; uncode_shortcode_id=&#8221;185396&#8243;]Energetska obnova[\/vc_custom_heading][vc_column_text uncode_shortcode_id=&#8221;123272&#8243;]Na\u0161 glavni cilj je smanjenje tro\u0161kova odr\u017eavanja zgrada. Ostvarenje ovih projekata uklju\u010duje uglavnom naknadnu izolaciju, obnovu fasada, zamjenu prozora i vrata, modernizaciju grijanja te instalaciju sustava obnovljivih izvora energije.[\/vc_column_text][\/vc_column_inner][vc_column_inner column_width_percent=&#8221;100&#8243; gutter_size=&#8221;3&#8243; overlay_alpha=&#8221;50&#8243; shift_x=&#8221;0&#8243; shift_y=&#8221;-3&#8243; shift_y_down=&#8221;0&#8243; z_index=&#8221;0&#8243; medium_width=&#8221;0&#8243; mobile_width=&#8221;0&#8243; parallax_intensity=&#8221;2&#8243; width=&#8221;1\/2&#8243; uncode_shortcode_id=&#8221;100284&#8243;][vc_single_image media=&#8221;251&#8243; media_width_percent=&#8221;100&#8243; shape=&#8221;img-round&#8221; radius=&#8221;lg&#8221; uncode_shortcode_id=&#8221;196841&#8243;][\/vc_column_inner][\/vc_row_inner][\/vc_column][\/vc_row]<\/p>\n<\/div>","protected":false},"excerpt":{"rendered":"<p>[vc_row row_height_percent=&#8221;0&#8243; override_padding=&#8221;yes&#8221; h_padding=&#8221;2&#8243; top_padding=&#8221;2&#8243; bottom_padding=&#8221;3&#8243; overlay_alpha=&#8221;50&#8243; gutter_size=&#8221;3&#8243; column_width_percent=&#8221;100&#8243; shift_y=&#8221;0&#8243; z_index=&#8221;0&#8243; uncode_shortcode_id=&#8221;456463&#8243; el_id=&#8221;right-element&#8221; el_class=&#8221;border-column-hover&#8221;][vc_column column_width_percent=&#8221;100&#8243; gutter_size=&#8221;3&#8243; override_padding=&#8221;yes&#8221; column_padding=&#8221;2&#8243; overlay_alpha=&#8221;50&#8243; preserve_border=&#8221;yes&#8221; [&hellip;]<\/p>\n","protected":false},"author":1,"featured_media":0,"parent":0,"menu_order":0,"comment_status":"closed","ping_status":"closed","template":"","meta":{"_acf_changed":false,"_seopress_robots_primary_cat":"","_seopress_titles_title":"","_seopress_titles_desc":"","_seopress_robots_index":"","footnotes":""},"class_list":["post-2530","page","type-page","status-publish","hentry"],"acf":[],"_links":{"self":[{"href":"https:\/\/vivapalazzo.hu\/hr\/wp-json\/wp\/v2\/pages\/2530","targetHints":{"allow":["GET"]}}],"collection":[{"href":"https:\/\/vivapalazzo.hu\/hr\/wp-json\/wp\/v2\/pages"}],"about":[{"href":"https:\/\/vivapalazzo.hu\/hr\/wp-json\/wp\/v2\/types\/page"}],"author":[{"embeddable":true,"href":"https:\/\/vivapalazzo.hu\/hr\/wp-json\/wp\/v2\/users\/1"}],"replies":[{"embeddable":true,"href":"https:\/\/vivapalazzo.hu\/hr\/wp-json\/wp\/v2\/comments?post=2530"}],"version-history":[{"count":5,"href":"https:\/\/vivapalazzo.hu\/hr\/wp-json\/wp\/v2\/pages\/2530\/revisions"}],"predecessor-version":[{"id":3058,"href":"https:\/\/vivapalazzo.hu\/hr\/wp-json\/wp\/v2\/pages\/2530\/revisions\/3058"}],"wp:attachment":[{"href":"https:\/\/vivapalazzo.hu\/hr\/wp-json\/wp\/v2\/media?parent=2530"}],"curies":[{"name":"wp","href":"https:\/\/api.w.org\/{rel}","templated":true}]}}