{"id":2532,"date":"2023-09-12T14:46:35","date_gmt":"2023-09-12T13:46:35","guid":{"rendered":"https:\/\/vivapalazzo.hu\/rolunk\/"},"modified":"2025-03-23T19:01:50","modified_gmt":"2025-03-23T18:01:50","slug":"rolunk","status":"publish","type":"page","link":"https:\/\/vivapalazzo.hu\/hr\/rolunk\/","title":{"rendered":"O nama"},"content":{"rendered":"<div class=\"wpb-content-wrapper\"><p>[vc_row row_height_percent=&#8221;100&#8243; back_color=&#8221;color-jevc&#8221; back_image=&#8221;244&#8243; back_image_auto=&#8221;yes&#8221; back_image_option=&#8221;secondary&#8221; overlay_alpha=&#8221;50&#8243; gutter_size=&#8221;3&#8243; column_width_percent=&#8221;100&#8243; shift_y=&#8221;0&#8243; z_index=&#8221;0&#8243; enable_bottom_divider=&#8221;default&#8221; bottom_divider=&#8221;gradient&#8221; shape_bottom_h_use_pixel=&#8221;&#8221; shape_bottom_height=&#8221;400&#8243; shape_bottom_color=&#8221;color-jevc&#8221; shape_bottom_opacity=&#8221;100&#8243; shape_bottom_index=&#8221;0&#8243; uncode_shortcode_id=&#8221;132546&#8243; back_color_type=&#8221;uncode-palette&#8221; shape_bottom_color_type=&#8221;uncode-palette&#8221; el_class=&#8221;section&#8211;header-content&#8221;][vc_column column_width_percent=&#8221;100&#8243; position_vertical=&#8221;middle&#8221; gutter_size=&#8221;2&#8243; style=&#8221;dark&#8221; overlay_alpha=&#8221;50&#8243; shift_x=&#8221;0&#8243; shift_y=&#8221;0&#8243; shift_y_down=&#8221;0&#8243; z_index=&#8221;0&#8243; medium_width=&#8221;0&#8243; mobile_width=&#8221;0&#8243; width=&#8221;1\/1&#8243; uncode_shortcode_id=&#8221;235649&#8243;][vc_custom_heading text_size=&#8221;fontsize-79&#8243; uncode_shortcode_id=&#8221;172706&#8243;]Od ideje do realizacije[\/vc_custom_heading][\/vc_column][\/vc_row][vc_row row_height_percent=&#8221;0&#8243; override_padding=&#8221;yes&#8221; h_padding=&#8221;2&#8243; top_padding=&#8221;2&#8243; bottom_padding=&#8221;3&#8243; overlay_alpha=&#8221;50&#8243; gutter_size=&#8221;3&#8243; column_width_percent=&#8221;100&#8243; shift_y=&#8221;0&#8243; z_index=&#8221;0&#8243; uncode_shortcode_id=&#8221;946672&#8243; el_id=&#8221;right-left-element&#8221;][vc_column column_width_use_pixel=&#8221;yes&#8221; gutter_size=&#8221;3&#8243; overlay_alpha=&#8221;50&#8243; shift_x=&#8221;0&#8243; shift_y=&#8221;0&#8243; shift_y_down=&#8221;0&#8243; z_index=&#8221;0&#8243; medium_width=&#8221;0&#8243; mobile_width=&#8221;0&#8243; width=&#8221;1\/1&#8243; uncode_shortcode_id=&#8221;140431&#8243; column_width_pixel=&#8221;700&#8243;][vc_column_text css_animation=&#8221;bottom-t-top&#8221; uncode_shortcode_id=&#8221;640992&#8243;]VivaPalazzo d.d. dinami\u010dan je sudionik gra\u0111evinskog sektora u Ma\u0111arskoj. Na\u0161a glavna djelatnost obuhva\u0107a gra\u0111evinsku izvedbu, kao i povezane stru\u010dne i instalacijske usluge. Sudjelujemo u cijelom \u017eivotnom ciklusu projekata, od planiranja preko izvedbe, pa sve do predaje i zavr\u0161etka jamstvenog razdoblja. Gradimo stvarnost iz teorije. Zahvaljuju\u0107i snazi timskog rada, kontinuirano realiziramo sve vi\u0161e i obimnije projekte kao generalni izvo\u0111a\u010d. Djelujemo prete\u017eno u regiji Transdanubije, ali prisutni smo na podru\u010dju cijele zemlje. Tijekom proteklih godina izgradili smo \u0161iroku mre\u017eu podizvo\u0111a\u010da s kojima osiguravamo vrhunsku kvalitetu izvedbe za na\u0161e cijenjene klijente.[\/vc_column_text][vc_column_text css_animation=&#8221;left-t-right&#8221; uncode_shortcode_id=&#8221;316481&#8243;]<\/p>\n<blockquote><p>Na\u0161 je cilj upravljati tr\u017ei\u0161no osjetljivom organizacijom koja u potpunosti zadovoljava potrebe klijenata.<\/p><\/blockquote>\n<p>[\/vc_column_text][vc_single_image media=&#8221;220&#8243; media_width_percent=&#8221;100&#8243; shape=&#8221;img-round&#8221; radius=&#8221;std&#8221; css_animation=&#8221;bottom-t-top&#8221; uncode_shortcode_id=&#8221;178876&#8243;][vc_column_text css_animation=&#8221;bottom-t-top&#8221; uncode_shortcode_id=&#8221;111024&#8243;]<span class=\"font-geo\">Zna\u010dajan naglasak stavljamo i na dru\u0161tvenu odgovornost. Tijekom pandemije koronavirusa preuzeli smo ulogu u podr\u0161ci medicinskim radnicima u Pe\u010duhu. Podr\u017eavamo mlade sporta\u0161e i sudjelujemo u sponzorstvu ma\u0111arskog motosporta. Svake godine poma\u017eemo mladima iz nepovoljnijih sredina i talentiranim pojedincima.   <\/span><\/p>\n<p><span class=\"font-geo\">Svaki \u010dlan na\u0161eg tima obvezan je na standarde osiguravanja kvalitete. U na\u0161em radu zastupamo zdrav i ekolo\u0161ki prihvatljiv na\u010din \u017eivota. Primjenjujemo inovativna tehni\u010dka rje\u0161enja koja su u najve\u0107em skladu s prirodom. Na\u0161e dobavlja\u010de biramo prema visokim standardima kvalitete.   <\/span><\/p>\n<p><span class=\"font-geo\">Kao rezultat ovog svjesnog pristupa, uveli smo sveobuhvatnu primjenu sustava upravljanja prema standardu MSZ EN ISO 9001:2015 za upravljanje kvalitetom, MSZ EN ISO 14001:2015 za upravljanje okoli\u0161em, MSZ EN ISO 45001:2018 za upravljanje za\u0161titom zdravlja i sigurnosti te MSZ EN ISO 50001:2019 za upravljanje energijom<\/span><\/p>\n<p><span class=\"font-geo\">Na\u0161a tvrtka neprekidno ula\u017ee u na\u0161e stru\u010dnjake kako bi imali najsuvremenija znanje. Na\u0161i zaposlenici kontinuirano sudjeluju u unutarnjim i vanjskim edukacijama. <\/span><\/p>\n<p><span class=\"font-geo\">Nastavljaju\u0107i s na\u0161im uspjesima, neprekidno radimo na ostvarivanju vizija na\u0161ih klijenata.<\/span><\/p>\n<p><span class=\"font-geo\">Tako \u0107emo i u budu\u0107nosti pretvoriti teoriju u stvarnost!<\/span>[\/vc_column_text][\/vc_column][\/vc_row][vc_row][vc_column width=&#8221;1\/1&#8243;][uncode_block id=&#8221;236&#8243;][\/vc_column][\/vc_row]<\/p>\n<\/div>","protected":false},"excerpt":{"rendered":"<p>[vc_row row_height_percent=&#8221;100&#8243; back_color=&#8221;color-jevc&#8221; back_image=&#8221;244&#8243; back_image_auto=&#8221;yes&#8221; back_image_option=&#8221;secondary&#8221; overlay_alpha=&#8221;50&#8243; gutter_size=&#8221;3&#8243; column_width_percent=&#8221;100&#8243; shift_y=&#8221;0&#8243; z_index=&#8221;0&#8243; enable_bottom_divider=&#8221;default&#8221; bottom_divider=&#8221;gradient&#8221; shape_bottom_h_use_pixel=&#8221;&#8221; shape_bottom_height=&#8221;400&#8243; shape_bottom_color=&#8221;color-jevc&#8221; shape_bottom_opacity=&#8221;100&#8243; shape_bottom_index=&#8221;0&#8243; uncode_shortcode_id=&#8221;132546&#8243; back_color_type=&#8221;uncode-palette&#8221; [&hellip;]<\/p>\n","protected":false},"author":1,"featured_media":0,"parent":0,"menu_order":0,"comment_status":"closed","ping_status":"closed","template":"","meta":{"_acf_changed":false,"_seopress_robots_primary_cat":"","_seopress_titles_title":"","_seopress_titles_desc":"","_seopress_robots_index":"","footnotes":""},"class_list":["post-2532","page","type-page","status-publish","hentry"],"acf":[],"_links":{"self":[{"href":"https:\/\/vivapalazzo.hu\/hr\/wp-json\/wp\/v2\/pages\/2532","targetHints":{"allow":["GET"]}}],"collection":[{"href":"https:\/\/vivapalazzo.hu\/hr\/wp-json\/wp\/v2\/pages"}],"about":[{"href":"https:\/\/vivapalazzo.hu\/hr\/wp-json\/wp\/v2\/types\/page"}],"author":[{"embeddable":true,"href":"https:\/\/vivapalazzo.hu\/hr\/wp-json\/wp\/v2\/users\/1"}],"replies":[{"embeddable":true,"href":"https:\/\/vivapalazzo.hu\/hr\/wp-json\/wp\/v2\/comments?post=2532"}],"version-history":[{"count":8,"href":"https:\/\/vivapalazzo.hu\/hr\/wp-json\/wp\/v2\/pages\/2532\/revisions"}],"predecessor-version":[{"id":3141,"href":"https:\/\/vivapalazzo.hu\/hr\/wp-json\/wp\/v2\/pages\/2532\/revisions\/3141"}],"wp:attachment":[{"href":"https:\/\/vivapalazzo.hu\/hr\/wp-json\/wp\/v2\/media?parent=2532"}],"curies":[{"name":"wp","href":"https:\/\/api.w.org\/{rel}","templated":true}]}}